{"id":2,"date":"2016-05-10T03:48:21","date_gmt":"2016-05-10T03:48:21","guid":{"rendered":"https:\/\/blackforestnerd.de\/?page_id=2"},"modified":"2021-04-07T05:45:55","modified_gmt":"2021-04-07T05:45:55","slug":"sample-page","status":"publish","type":"page","link":"https:\/\/blackforestnerd.de\/?page_id=2","title":{"rendered":"Wie testen wir?"},"content":{"rendered":"<p>unsere Tests verlaufen in mehreren Schritten &#8211; als erstes Informieren wir uns nat\u00fcrlich im Web \u00fcber das Produkt, schauen, soweit vorhanden Videos und Testberichte anderer Plattformen\/Tester\/User an, um uns einen \u00dcberblick zu verschaffen, wo es Probleme\/Schw\u00e4chen geben k\u00f6nnte sowie was die bekannten St\u00e4rken des Produktes sind.<br \/>\nDanach verschaffen wir uns nach einem kurzen &#8222;Unboxing&#8220; einen eigenen Eindruck &#8211; beten allerdings nicht zwanghaft die Technischen Specs. herunter, die kann jeder in seiner Muttersprache unfallfrei selbst lesen! Wir konzentrieren uns auf den ersten Eindruck, der (nat\u00fcrlich subjektiv gef\u00e4rbt) in unseren Reviews zum Ausdruck kommen soll, betonen, was uns gefallen hat, wo die Schw\u00e4chen liegen, die uns aufgefallen sind (evtl. auch im Unterschied zu anderen Kan\u00e4len) und orientieren uns in der Bewertung vor allem an Preis\/Leistung. Nicht jeder hat ein \u00fcppiges Budget zur Verf\u00fcgung!<\/p>\n<p>Ich hoffe, Ihr k\u00f6nnt die entsprechenden Tests genie\u00dfen und wenn Ihr Interesse habt das Produkt zu erwerben, dann k\u00f6nnt Ihr mit dem Kauf \u00fcber unsere jeweiligen Affiliate Links (ohne dass Euch weitere Kosten entstehen) diese Webseite unterst\u00fctzen! Nur so sind wir in der Lage immer wieder auf der Suche nach neuen, interessanten Produkten zu sein und diese zu erwerben und zu testen.<\/p>\n","protected":false},"excerpt":{"rendered":"<p>unsere Tests verlaufen in mehreren Schritten &#8211; als erstes Informieren wir uns nat\u00fcrlich im Web \u00fcber das Produkt, schauen, soweit vorhanden Videos und Testberichte anderer Plattformen\/Tester\/User an, um uns einen \u00dcberblick zu verschaffen, wo es Probleme\/Schw\u00e4chen geben k\u00f6nnte sowie was die bekannten St\u00e4rken des Produktes sind. Danach verschaffen wir uns nach einem kurzen &#8222;Unboxing&#8220; einen &hellip; <\/p>\n<p class=\"link-more\"><a href=\"https:\/\/blackforestnerd.de\/?page_id=2\" class=\"more-link\"><span class=\"screen-reader-text\">\u201eWie testen wir?\u201c<\/span> weiterlesen<\/a><\/p>\n","protected":false},"author":1,"featured_media":0,"parent":0,"menu_order":0,"comment_status":"closed","ping_status":"open","template":"","meta":{"_crdt_document":"","ngg_post_thumbnail":0,"footnotes":""},"class_list":["post-2","page","type-page","status-publish","hentry"],"_links":{"self":[{"href":"https:\/\/blackforestnerd.de\/index.php?rest_route=\/wp\/v2\/pages\/2","targetHints":{"allow":["GET"]}}],"collection":[{"href":"https:\/\/blackforestnerd.de\/index.php?rest_route=\/wp\/v2\/pages"}],"about":[{"href":"https:\/\/blackforestnerd.de\/index.php?rest_route=\/wp\/v2\/types\/page"}],"author":[{"embeddable":true,"href":"https:\/\/blackforestnerd.de\/index.php?rest_route=\/wp\/v2\/users\/1"}],"replies":[{"embeddable":true,"href":"https:\/\/blackforestnerd.de\/index.php?rest_route=%2Fwp%2Fv2%2Fcomments&post=2"}],"version-history":[{"count":4,"href":"https:\/\/blackforestnerd.de\/index.php?rest_route=\/wp\/v2\/pages\/2\/revisions"}],"predecessor-version":[{"id":185,"href":"https:\/\/blackforestnerd.de\/index.php?rest_route=\/wp\/v2\/pages\/2\/revisions\/185"}],"wp:attachment":[{"href":"https:\/\/blackforestnerd.de\/index.php?rest_route=%2Fwp%2Fv2%2Fmedia&parent=2"}],"curies":[{"name":"wp","href":"https:\/\/api.w.org\/{rel}","templated":true}]}}