{"id":91,"date":"2021-01-30T02:04:02","date_gmt":"2021-01-30T02:04:02","guid":{"rendered":"https:\/\/blackforestnerd.de\/?page_id=91"},"modified":"2021-04-07T06:00:13","modified_gmt":"2021-04-07T06:00:13","slug":"wuff","status":"publish","type":"page","link":"https:\/\/blackforestnerd.de\/?page_id=91","title":{"rendered":"wuff!"},"content":{"rendered":"\n<p class=\"wp-block-paragraph\">Tara l\u00e4sst  gr\u00fc\u00dfen <\/p>\n\n\n\n<p class=\"wp-block-paragraph\">Unsere &#8222;kleine&#8220; Fellnase aus dem Tierschutz wird hier auch ab und an vertreten sein, da unsere Pitbuldame eigentlich auf Schritt und Tritt dabei ist &#8211; wer Interesse hat, kann Ihr auch auf den diversen SocialMediaKan\u00e4len folgen!<\/p>\n\n\n\n<figure class=\"wp-block-image size-large is-style-default\"><img loading=\"lazy\" decoding=\"async\" width=\"1024\" height=\"819\" src=\"https:\/\/blackforestnerd.de\/wp-content\/uploads\/2021\/04\/IMGP8937-2-1024x819.jpg\" alt=\"\" class=\"wp-image-190\" srcset=\"https:\/\/blackforestnerd.de\/wp-content\/uploads\/2021\/04\/IMGP8937-2-1024x819.jpg 1024w, https:\/\/blackforestnerd.de\/wp-content\/uploads\/2021\/04\/IMGP8937-2-300x240.jpg 300w, https:\/\/blackforestnerd.de\/wp-content\/uploads\/2021\/04\/IMGP8937-2-768x614.jpg 768w, https:\/\/blackforestnerd.de\/wp-content\/uploads\/2021\/04\/IMGP8937-2-1536x1229.jpg 1536w, https:\/\/blackforestnerd.de\/wp-content\/uploads\/2021\/04\/IMGP8937-2.jpg 1850w\" sizes=\"auto, (max-width: 767px) 89vw, (max-width: 1000px) 54vw, (max-width: 1071px) 543px, 580px\" \/><figcaption>Wilder See Baiersbronn\/Schwarzwaldhochstra\u00dfe &#8211; <strong>H69Q+RR Baiersbronn<\/strong> &#8211; <a href=\"https:\/\/goo.gl\/maps\/Pcg1qntMSCjHKS1JA\" target=\"_blank\" rel=\"noreferrer noopener\">https:\/\/goo.gl\/maps\/Pcg1qntMSCjHKS1JA<\/a><\/figcaption><\/figure>\n\n\n\n<figure class=\"wp-block-image size-large is-resized\"><img loading=\"lazy\" decoding=\"async\" src=\"https:\/\/blackforestnerd.de\/wp-content\/uploads\/2021\/01\/hundekuchen.png\" alt=\"\" class=\"wp-image-92\" width=\"52\" height=\"46\"\/><\/figure>\n","protected":false},"excerpt":{"rendered":"<p>Tara l\u00e4sst gr\u00fc\u00dfen Unsere &#8222;kleine&#8220; Fellnase aus dem Tierschutz wird hier auch ab und an vertreten sein, da unsere Pitbuldame eigentlich auf Schritt und Tritt dabei ist &#8211; wer Interesse hat, kann Ihr auch auf den diversen SocialMediaKan\u00e4len folgen!<\/p>\n","protected":false},"author":1,"featured_media":0,"parent":0,"menu_order":0,"comment_status":"closed","ping_status":"closed","template":"","meta":{"_crdt_document":"","ngg_post_thumbnail":0,"footnotes":""},"class_list":["post-91","page","type-page","status-publish","hentry"],"_links":{"self":[{"href":"https:\/\/blackforestnerd.de\/index.php?rest_route=\/wp\/v2\/pages\/91","targetHints":{"allow":["GET"]}}],"collection":[{"href":"https:\/\/blackforestnerd.de\/index.php?rest_route=\/wp\/v2\/pages"}],"about":[{"href":"https:\/\/blackforestnerd.de\/index.php?rest_route=\/wp\/v2\/types\/page"}],"author":[{"embeddable":true,"href":"https:\/\/blackforestnerd.de\/index.php?rest_route=\/wp\/v2\/users\/1"}],"replies":[{"embeddable":true,"href":"https:\/\/blackforestnerd.de\/index.php?rest_route=%2Fwp%2Fv2%2Fcomments&post=91"}],"version-history":[{"count":6,"href":"https:\/\/blackforestnerd.de\/index.php?rest_route=\/wp\/v2\/pages\/91\/revisions"}],"predecessor-version":[{"id":191,"href":"https:\/\/blackforestnerd.de\/index.php?rest_route=\/wp\/v2\/pages\/91\/revisions\/191"}],"wp:attachment":[{"href":"https:\/\/blackforestnerd.de\/index.php?rest_route=%2Fwp%2Fv2%2Fmedia&parent=91"}],"curies":[{"name":"wp","href":"https:\/\/api.w.org\/{rel}","templated":true}]}}